{"id":598,"date":"2026-04-13T22:24:21","date_gmt":"2026-04-13T22:24:21","guid":{"rendered":"https:\/\/chilecomercio.cl\/?page_id=598"},"modified":"2026-04-13T22:39:35","modified_gmt":"2026-04-13T22:39:35","slug":"chat-comunidad","status":"publish","type":"page","link":"https:\/\/chilecomercio.cl\/index.php\/chat-comunidad\/","title":{"rendered":"Chat Comunidad"},"content":{"rendered":"\t\t<div data-elementor-type=\"wp-page\" data-elementor-id=\"598\" class=\"elementor elementor-598\" data-elementor-post-type=\"page\">\n\t\t\t\t\t\t<section class=\"elementor-section elementor-top-section elementor-element elementor-element-7b6c8d61 elementor-section-boxed elementor-section-height-default elementor-section-height-default\" data-id=\"7b6c8d61\" data-element_type=\"section\" data-e-type=\"section\">\n\t\t\t\t\t\t<div class=\"elementor-container elementor-column-gap-default\">\n\t\t\t\t\t<div class=\"elementor-column elementor-col-100 elementor-top-column elementor-element elementor-element-2c89db99\" data-id=\"2c89db99\" data-element_type=\"column\" data-e-type=\"column\">\n\t\t\t<div class=\"elementor-widget-wrap elementor-element-populated\">\n\t\t\t\t\t\t<div class=\"elementor-element elementor-element-466355 elementor-widget elementor-widget-text-editor\" data-id=\"466355\" data-element_type=\"widget\" data-e-type=\"widget\" data-widget_type=\"text-editor.default\">\n\t\t\t\t<div class=\"elementor-widget-container\">\n\t\t\t\t\t\t\t\t\t<p>Inscr\u00edbete gratis&#8230;.. contacta chatea y comun\u00edcate con usuarios para saber de sus productos o servicios. ( aqu\u00ed abajo, chat).<\/p>\t\t\t\t\t\t\t\t<\/div>\n\t\t\t\t<\/div>\n\t\t\t\t\t<\/div>\n\t\t<\/div>\n\t\t\t\t\t<\/div>\n\t\t<\/section>\n\t\t\t\t<section class=\"elementor-section elementor-top-section elementor-element elementor-element-e12e38c elementor-section-boxed elementor-section-height-default elementor-section-height-default\" data-id=\"e12e38c\" data-element_type=\"section\" data-e-type=\"section\">\n\t\t\t\t\t\t<div class=\"elementor-container elementor-column-gap-default\">\n\t\t\t\t\t<div class=\"elementor-column elementor-col-100 elementor-top-column elementor-element elementor-element-f7ccb48\" data-id=\"f7ccb48\" data-element_type=\"column\" data-e-type=\"column\">\n\t\t\t<div class=\"elementor-widget-wrap elementor-element-populated\">\n\t\t\t\t\t\t<div class=\"elementor-element elementor-element-95d351a elementor-widget elementor-widget-wp-widget-quick-chat-widget\" data-id=\"95d351a\" data-element_type=\"widget\" data-e-type=\"widget\" data-widget_type=\"wp-widget-quick-chat-widget.default\">\n\t\t\t\t<div class=\"elementor-widget-container\">\n\t\t\t\t\t<h5> Chat<\/h5><div class=\"quick-chat-container\" data-quick-chat-id=\"uv7axtp9g5qY\" data-quick-chat-height=\"700\" data-quick-chat-room-name=\"chat usuarios\" data-quick-chat-userlist=\"1\" data-quick-chat-userlist-position=\"top\" data-quick-chat-smilies=\"1\" data-quick-chat-send-button=\"1\" data-quick-chat-loggedin-visible=\"1\" data-quick-chat-guests-visible=\"1\" data-quick-chat-avatars=\"1\" data-quick-chat-counter=\"1\"><div class=\"quick-chat-loading\">LOADING...<\/div><\/div><div class=\"quick-chat-linkhome\"><a href=\"http:\/\/www.techytalk.info\/wordpress\/quick-chat\/\" target=\"_blank\">Powered by Quick Chat<\/a><\/div>\t\t\t\t<\/div>\n\t\t\t\t<\/div>\n\t\t\t\t\t<\/div>\n\t\t<\/div>\n\t\t\t\t\t<\/div>\n\t\t<\/section>\n\t\t\t\t<\/div>\n\t\t","protected":false},"excerpt":{"rendered":"<p>Inscr\u00edbete gratis&#8230;.. contacta chatea y comun\u00edcate con usuarios para saber de sus productos o servicios. ( aqu\u00ed abajo, chat).<\/p>\n","protected":false},"author":1,"featured_media":0,"parent":0,"menu_order":0,"comment_status":"closed","ping_status":"closed","template":"","meta":{"footnotes":""},"class_list":["post-598","page","type-page","status-publish","hentry"],"yoast_head":"<!-- This site is optimized with the Yoast SEO plugin v27.4 - https:\/\/yoast.com\/product\/yoast-seo-wordpress\/ -->\n<title>Chat Comunidad - Avisos Clasificados en Chile<\/title>\n<meta name=\"robots\" content=\"index, follow, max-snippet:-1, max-image-preview:large, max-video-preview:-1\" \/>\n<link rel=\"canonical\" href=\"https:\/\/chilecomercio.cl\/index.php\/chat-comunidad\/\" \/>\n<meta property=\"og:locale\" content=\"es_ES\" \/>\n<meta property=\"og:type\" content=\"article\" \/>\n<meta property=\"og:title\" content=\"Chat Comunidad - Avisos Clasificados en Chile\" \/>\n<meta property=\"og:description\" content=\"Inscr\u00edbete gratis&#8230;.. contacta chatea y comun\u00edcate con usuarios para saber de sus productos o servicios. ( aqu\u00ed abajo, chat).\" \/>\n<meta property=\"og:url\" content=\"https:\/\/chilecomercio.cl\/index.php\/chat-comunidad\/\" \/>\n<meta property=\"og:site_name\" content=\"Avisos Clasificados en Chile\" \/>\n<meta property=\"article:modified_time\" content=\"2026-04-13T22:39:35+00:00\" \/>\n<meta name=\"twitter:card\" content=\"summary_large_image\" \/>\n<meta name=\"twitter:label1\" content=\"Tiempo estimado de lectura\" \/>\n\t<meta name=\"twitter:data1\" content=\"1 minuto\" \/>\n<script type=\"application\/ld+json\" class=\"yoast-schema-graph\">{\"@context\":\"https:\\\/\\\/schema.org\",\"@graph\":[{\"@type\":\"WebPage\",\"@id\":\"https:\\\/\\\/chilecomercio.cl\\\/index.php\\\/chat-comunidad\\\/\",\"url\":\"https:\\\/\\\/chilecomercio.cl\\\/index.php\\\/chat-comunidad\\\/\",\"name\":\"Chat Comunidad - Avisos Clasificados en Chile\",\"isPartOf\":{\"@id\":\"https:\\\/\\\/chilecomercio.cl\\\/#website\"},\"datePublished\":\"2026-04-13T22:24:21+00:00\",\"dateModified\":\"2026-04-13T22:39:35+00:00\",\"breadcrumb\":{\"@id\":\"https:\\\/\\\/chilecomercio.cl\\\/index.php\\\/chat-comunidad\\\/#breadcrumb\"},\"inLanguage\":\"es-CL\",\"potentialAction\":[{\"@type\":\"ReadAction\",\"target\":[\"https:\\\/\\\/chilecomercio.cl\\\/index.php\\\/chat-comunidad\\\/\"]}]},{\"@type\":\"BreadcrumbList\",\"@id\":\"https:\\\/\\\/chilecomercio.cl\\\/index.php\\\/chat-comunidad\\\/#breadcrumb\",\"itemListElement\":[{\"@type\":\"ListItem\",\"position\":1,\"name\":\"Portada\",\"item\":\"https:\\\/\\\/chilecomercio.cl\\\/\"},{\"@type\":\"ListItem\",\"position\":2,\"name\":\"Chat Comunidad\"}]},{\"@type\":\"WebSite\",\"@id\":\"https:\\\/\\\/chilecomercio.cl\\\/#website\",\"url\":\"https:\\\/\\\/chilecomercio.cl\\\/\",\"name\":\"Avisos Clasificados en Chile\",\"description\":\"Anuncios Comerciales Clasificados \",\"potentialAction\":[{\"@type\":\"SearchAction\",\"target\":{\"@type\":\"EntryPoint\",\"urlTemplate\":\"https:\\\/\\\/chilecomercio.cl\\\/?s={search_term_string}\"},\"query-input\":{\"@type\":\"PropertyValueSpecification\",\"valueRequired\":true,\"valueName\":\"search_term_string\"}}],\"inLanguage\":\"es-CL\"}]}<\/script>\n<!-- \/ Yoast SEO plugin. -->","yoast_head_json":{"title":"Chat Comunidad - Avisos Clasificados en Chile","robots":{"index":"index","follow":"follow","max-snippet":"max-snippet:-1","max-image-preview":"max-image-preview:large","max-video-preview":"max-video-preview:-1"},"canonical":"https:\/\/chilecomercio.cl\/index.php\/chat-comunidad\/","og_locale":"es_ES","og_type":"article","og_title":"Chat Comunidad - Avisos Clasificados en Chile","og_description":"Inscr\u00edbete gratis&#8230;.. contacta chatea y comun\u00edcate con usuarios para saber de sus productos o servicios. ( aqu\u00ed abajo, chat).","og_url":"https:\/\/chilecomercio.cl\/index.php\/chat-comunidad\/","og_site_name":"Avisos Clasificados en Chile","article_modified_time":"2026-04-13T22:39:35+00:00","twitter_card":"summary_large_image","twitter_misc":{"Tiempo estimado de lectura":"1 minuto"},"schema":{"@context":"https:\/\/schema.org","@graph":[{"@type":"WebPage","@id":"https:\/\/chilecomercio.cl\/index.php\/chat-comunidad\/","url":"https:\/\/chilecomercio.cl\/index.php\/chat-comunidad\/","name":"Chat Comunidad - Avisos Clasificados en Chile","isPartOf":{"@id":"https:\/\/chilecomercio.cl\/#website"},"datePublished":"2026-04-13T22:24:21+00:00","dateModified":"2026-04-13T22:39:35+00:00","breadcrumb":{"@id":"https:\/\/chilecomercio.cl\/index.php\/chat-comunidad\/#breadcrumb"},"inLanguage":"es-CL","potentialAction":[{"@type":"ReadAction","target":["https:\/\/chilecomercio.cl\/index.php\/chat-comunidad\/"]}]},{"@type":"BreadcrumbList","@id":"https:\/\/chilecomercio.cl\/index.php\/chat-comunidad\/#breadcrumb","itemListElement":[{"@type":"ListItem","position":1,"name":"Portada","item":"https:\/\/chilecomercio.cl\/"},{"@type":"ListItem","position":2,"name":"Chat Comunidad"}]},{"@type":"WebSite","@id":"https:\/\/chilecomercio.cl\/#website","url":"https:\/\/chilecomercio.cl\/","name":"Avisos Clasificados en Chile","description":"Anuncios Comerciales Clasificados ","potentialAction":[{"@type":"SearchAction","target":{"@type":"EntryPoint","urlTemplate":"https:\/\/chilecomercio.cl\/?s={search_term_string}"},"query-input":{"@type":"PropertyValueSpecification","valueRequired":true,"valueName":"search_term_string"}}],"inLanguage":"es-CL"}]}},"_links":{"self":[{"href":"https:\/\/chilecomercio.cl\/index.php\/wp-json\/wp\/v2\/pages\/598","targetHints":{"allow":["GET"]}}],"collection":[{"href":"https:\/\/chilecomercio.cl\/index.php\/wp-json\/wp\/v2\/pages"}],"about":[{"href":"https:\/\/chilecomercio.cl\/index.php\/wp-json\/wp\/v2\/types\/page"}],"author":[{"embeddable":true,"href":"https:\/\/chilecomercio.cl\/index.php\/wp-json\/wp\/v2\/users\/1"}],"replies":[{"embeddable":true,"href":"https:\/\/chilecomercio.cl\/index.php\/wp-json\/wp\/v2\/comments?post=598"}],"version-history":[{"count":19,"href":"https:\/\/chilecomercio.cl\/index.php\/wp-json\/wp\/v2\/pages\/598\/revisions"}],"predecessor-version":[{"id":619,"href":"https:\/\/chilecomercio.cl\/index.php\/wp-json\/wp\/v2\/pages\/598\/revisions\/619"}],"wp:attachment":[{"href":"https:\/\/chilecomercio.cl\/index.php\/wp-json\/wp\/v2\/media?parent=598"}],"curies":[{"name":"wp","href":"https:\/\/api.w.org\/{rel}","templated":true}]}}